{"id":2000,"date":"2024-06-01T03:48:42","date_gmt":"2024-06-01T03:48:42","guid":{"rendered":"https:\/\/maestria.utselva.edu.mx\/?page_id=2000"},"modified":"2024-08-08T17:06:44","modified_gmt":"2024-08-08T17:06:44","slug":"perfil-de-estudiante","status":"publish","type":"page","link":"https:\/\/maestria.utselva.edu.mx\/index.php\/alumnos\/perfil-de-estudiante\/","title":{"rendered":"PERFIL DE ESTUDIANTE"},"content":{"rendered":"\t\t<div data-elementor-type=\"wp-page\" data-elementor-id=\"2000\" class=\"elementor elementor-2000\">\n\t\t\t\t<div class=\"aux-parallax-section elementor-element elementor-element-aa2f817 e-flex e-con-boxed e-con e-parent\" data-id=\"aa2f817\" data-element_type=\"container\" data-e-type=\"container\">\n\t\t\t\t\t<div class=\"e-con-inner\">\n\t\t\t\t<div class=\"elementor-element elementor-element-a6f075a elementor-widget elementor-widget-heading\" data-id=\"a6f075a\" data-element_type=\"widget\" data-e-type=\"widget\" data-widget_type=\"heading.default\">\n\t\t\t\t<div class=\"elementor-widget-container\">\n\t\t\t\t\t<h2 class=\"elementor-heading-title elementor-size-default\">Perfil de ingreso<\/h2>\t\t\t\t<\/div>\n\t\t\t\t<\/div>\n\t\t\t\t<div class=\"elementor-element elementor-element-cb8750a elementor-widget elementor-widget-spacer\" data-id=\"cb8750a\" data-element_type=\"widget\" data-e-type=\"widget\" data-widget_type=\"spacer.default\">\n\t\t\t\t<div class=\"elementor-widget-container\">\n\t\t\t\t\t\t\t<div class=\"elementor-spacer\">\n\t\t\t<div class=\"elementor-spacer-inner\"><\/div>\n\t\t<\/div>\n\t\t\t\t\t\t<\/div>\n\t\t\t\t<\/div>\n\t\t\t\t\t<\/div>\n\t\t\t\t<\/div>\n\t\t<div class=\"aux-parallax-section elementor-element elementor-element-ed5630b e-flex e-con-boxed e-con e-parent\" data-id=\"ed5630b\" data-element_type=\"container\" data-e-type=\"container\">\n\t\t\t\t\t<div class=\"e-con-inner\">\n\t\t<div class=\"elementor-element elementor-element-b7cfbfe e-con-full e-flex e-con e-child\" data-id=\"b7cfbfe\" data-element_type=\"container\" data-e-type=\"container\">\n\t\t\t\t<div class=\"elementor-element elementor-element-06b60bb elementor-widget elementor-widget-text-editor\" data-id=\"06b60bb\" data-element_type=\"widget\" data-e-type=\"widget\" data-widget_type=\"text-editor.default\">\n\t\t\t\t<div class=\"elementor-widget-container\">\n\t\t\t\t\t\t\t\t\t<p><strong>Dirigido a:<\/strong><\/p><ul><li>Profesionistas que realizan actividades de docencia o ense\u00f1anza con intereses en las \u00e1reas de:<ol><li>Matem\u00e1ticas<\/li><li>F\u00edsica<\/li><li>Qu\u00edmica<\/li><li>Biolog\u00eda<\/li><\/ol><\/li><\/ul>\t\t\t\t\t\t\t\t<\/div>\n\t\t\t\t<\/div>\n\t\t\t\t<div class=\"elementor-element elementor-element-2904128 elementor-widget elementor-widget-text-editor\" data-id=\"2904128\" data-element_type=\"widget\" data-e-type=\"widget\" data-widget_type=\"text-editor.default\">\n\t\t\t\t<div class=\"elementor-widget-container\">\n\t\t\t\t\t\t\t\t\t<p><strong>Tipo de Modalidad:<\/strong><\/p><p>Modalidad en l\u00ednea<\/p>\t\t\t\t\t\t\t\t<\/div>\n\t\t\t\t<\/div>\n\t\t\t\t<\/div>\n\t\t<div class=\"elementor-element elementor-element-b1d4c3d e-con-full e-flex e-con e-child\" data-id=\"b1d4c3d\" data-element_type=\"container\" data-e-type=\"container\">\n\t\t\t\t<div class=\"elementor-element elementor-element-780bccd elementor-widget elementor-widget-text-editor\" data-id=\"780bccd\" data-element_type=\"widget\" data-e-type=\"widget\" data-widget_type=\"text-editor.default\">\n\t\t\t\t<div class=\"elementor-widget-container\">\n\t\t\t\t\t\t\t\t\t<p><strong>Habilidades y conocimientos:<\/strong><\/p><ol><li>Dominio en el uso de tecnolog\u00edas, incluyendo:<ul><li>Paqueter\u00eda de office.<\/li><li>Herramientas online.<\/li><li>B\u00fasqueda en bases de datos por internet.<\/li><\/ul><\/li><li><p>Capacidades para el estudio independiente y autogesti\u00f3n.<\/p><\/li><li><p><span style=\"font-size: 16px;\">Habilidad para el trabajo colaborativo<\/span><\/p><\/li><li><p><span style=\"font-size: 16px;\">T\u00e9cnicas autodid\u00e1ctas que faciliten el aprendizaje aut\u00f3nomo<\/span><\/p><\/li><li><p><span style=\"font-size: 16px;\">Habilidades de an\u00e1lisis, s\u00edntesis y pensamiento cr\u00edtico<\/span><\/p><\/li><\/ol><ul><li style=\"list-style-type: none;\"><ul><li style=\"list-style-type: none;\">\u00a0<\/li><\/ul><\/li><\/ul>\t\t\t\t\t\t\t\t<\/div>\n\t\t\t\t<\/div>\n\t\t\t\t<\/div>\n\t\t<div class=\"elementor-element elementor-element-54fc6ea e-con-full e-flex e-con e-child\" data-id=\"54fc6ea\" data-element_type=\"container\" data-e-type=\"container\">\n\t\t\t\t<div class=\"elementor-element elementor-element-75614a7 elementor-widget elementor-widget-heading\" data-id=\"75614a7\" data-element_type=\"widget\" data-e-type=\"widget\" data-widget_type=\"heading.default\">\n\t\t\t\t<div class=\"elementor-widget-container\">\n\t\t\t\t\t<h2 class=\"elementor-heading-title elementor-size-default\">Perfil de egreso<\/h2>\t\t\t\t<\/div>\n\t\t\t\t<\/div>\n\t\t\t\t<div class=\"elementor-element elementor-element-6a6f3b9 elementor-widget elementor-widget-text-editor\" data-id=\"6a6f3b9\" data-element_type=\"widget\" data-e-type=\"widget\" data-widget_type=\"text-editor.default\">\n\t\t\t\t<div class=\"elementor-widget-container\">\n\t\t\t\t\t\t\t\t\t<p>El maestro en ense\u00f1anza de las ciencias ser\u00e1 capaz de:<\/p><p>\u00a0<\/p><ul><li>Aplicar las estrategias de ense\u00f1anza-aprendizaje para el desarrollo de su labor docente incorporando el uso de nuevas tecnolog\u00edas para la educaci\u00f3n.<\/li><li>Dise\u00f1ar experiencias de aprendizaje significativo, dentro y fuera del aula, que faciliten la generaci\u00f3n de conocimiento.<\/li><li>Aplicar las metodolog\u00edas de investigaci\u00f3n educativa para identificar e implementar las actividades docentes que mejoren el desempe\u00f1o acad\u00e9mico.<\/li><li>Fortalecer las competencias para aprender a aprender.<\/li><li>Evaluar las competencias de sus alumnos.<\/li><\/ul>\t\t\t\t\t\t\t\t<\/div>\n\t\t\t\t<\/div>\n\t\t\t\t<\/div>\n\t\t\t\t\t<\/div>\n\t\t\t\t<\/div>\n\t\t<div class=\"aux-parallax-section elementor-element elementor-element-41f7b31 e-flex e-con-boxed e-con e-parent\" data-id=\"41f7b31\" data-element_type=\"container\" data-e-type=\"container\">\n\t\t\t\t\t<div class=\"e-con-inner\">\n\t\t\t\t<div class=\"elementor-element elementor-element-5684e7c elementor-widget elementor-widget-spacer\" data-id=\"5684e7c\" data-element_type=\"widget\" data-e-type=\"widget\" data-widget_type=\"spacer.default\">\n\t\t\t\t<div class=\"elementor-widget-container\">\n\t\t\t\t\t\t\t<div class=\"elementor-spacer\">\n\t\t\t<div class=\"elementor-spacer-inner\"><\/div>\n\t\t<\/div>\n\t\t\t\t\t\t<\/div>\n\t\t\t\t<\/div>\n\t\t\t\t\t<\/div>\n\t\t\t\t<\/div>\n\t\t\t\t<\/div>\n\t\t","protected":false},"excerpt":{"rendered":"<p>Perfil de ingreso Dirigido a: Profesionistas que realizan actividades de docencia o ense\u00f1anza con intereses en las \u00e1reas de: Matem\u00e1ticas F\u00edsica Qu\u00edmica Biolog\u00eda Tipo de Modalidad: Modalidad en l\u00ednea Habilidades y conocimientos: Dominio en el uso de tecnolog\u00edas, incluyendo: Paqueter\u00eda de office. Herramientas online. B\u00fasqueda en bases de datos por internet. Capacidades para el estudio [&hellip;]<\/p>\n","protected":false},"author":1,"featured_media":0,"parent":1994,"menu_order":3,"comment_status":"closed","ping_status":"closed","template":"","meta":{"footnotes":""},"class_list":["post-2000","page","type-page","status-publish","hentry"],"_links":{"self":[{"href":"https:\/\/maestria.utselva.edu.mx\/index.php\/wp-json\/wp\/v2\/pages\/2000","targetHints":{"allow":["GET"]}}],"collection":[{"href":"https:\/\/maestria.utselva.edu.mx\/index.php\/wp-json\/wp\/v2\/pages"}],"about":[{"href":"https:\/\/maestria.utselva.edu.mx\/index.php\/wp-json\/wp\/v2\/types\/page"}],"author":[{"embeddable":true,"href":"https:\/\/maestria.utselva.edu.mx\/index.php\/wp-json\/wp\/v2\/users\/1"}],"replies":[{"embeddable":true,"href":"https:\/\/maestria.utselva.edu.mx\/index.php\/wp-json\/wp\/v2\/comments?post=2000"}],"version-history":[{"count":25,"href":"https:\/\/maestria.utselva.edu.mx\/index.php\/wp-json\/wp\/v2\/pages\/2000\/revisions"}],"predecessor-version":[{"id":2454,"href":"https:\/\/maestria.utselva.edu.mx\/index.php\/wp-json\/wp\/v2\/pages\/2000\/revisions\/2454"}],"up":[{"embeddable":true,"href":"https:\/\/maestria.utselva.edu.mx\/index.php\/wp-json\/wp\/v2\/pages\/1994"}],"wp:attachment":[{"href":"https:\/\/maestria.utselva.edu.mx\/index.php\/wp-json\/wp\/v2\/media?parent=2000"}],"curies":[{"name":"wp","href":"https:\/\/api.w.org\/{rel}","templated":true}]}}