{"id":1998,"date":"2024-06-01T03:48:12","date_gmt":"2024-06-01T03:48:12","guid":{"rendered":"https:\/\/maestria.utselva.edu.mx\/?page_id=1998"},"modified":"2024-08-08T17:06:03","modified_gmt":"2024-08-08T17:06:03","slug":"admision","status":"publish","type":"page","link":"https:\/\/maestria.utselva.edu.mx\/index.php\/alumnos\/admision\/","title":{"rendered":"ADMISI\u00d3N"},"content":{"rendered":"\t\t<div data-elementor-type=\"wp-page\" data-elementor-id=\"1998\" class=\"elementor elementor-1998\">\n\t\t\t\t<div class=\"aux-parallax-section elementor-element elementor-element-3c7b38d e-flex e-con-boxed e-con e-parent\" data-id=\"3c7b38d\" data-element_type=\"container\" data-e-type=\"container\">\n\t\t\t\t\t<div class=\"e-con-inner\">\n\t\t\t\t<div class=\"elementor-element elementor-element-3b6efba elementor-widget elementor-widget-heading\" data-id=\"3b6efba\" data-element_type=\"widget\" data-e-type=\"widget\" data-widget_type=\"heading.default\">\n\t\t\t\t<div class=\"elementor-widget-container\">\n\t\t\t\t\t<h2 class=\"elementor-heading-title elementor-size-default\">Admisi\u00f3n<\/h2>\t\t\t\t<\/div>\n\t\t\t\t<\/div>\n\t\t\t\t<div class=\"elementor-element elementor-element-744ffbc elementor-widget elementor-widget-spacer\" data-id=\"744ffbc\" data-element_type=\"widget\" data-e-type=\"widget\" data-widget_type=\"spacer.default\">\n\t\t\t\t<div class=\"elementor-widget-container\">\n\t\t\t\t\t\t\t<div class=\"elementor-spacer\">\n\t\t\t<div class=\"elementor-spacer-inner\"><\/div>\n\t\t<\/div>\n\t\t\t\t\t\t<\/div>\n\t\t\t\t<\/div>\n\t\t\t\t\t<\/div>\n\t\t\t\t<\/div>\n\t\t<div class=\"aux-parallax-section elementor-element elementor-element-55d6bc8 e-flex e-con-boxed e-con e-parent\" data-id=\"55d6bc8\" data-element_type=\"container\" data-e-type=\"container\">\n\t\t\t\t\t<div class=\"e-con-inner\">\n\t\t<div class=\"elementor-element elementor-element-5ef1588 e-con-full e-flex e-con e-child\" data-id=\"5ef1588\" data-element_type=\"container\" data-e-type=\"container\">\n\t\t\t\t<div class=\"elementor-element elementor-element-35b3035 elementor-widget elementor-widget-heading\" data-id=\"35b3035\" data-element_type=\"widget\" data-e-type=\"widget\" data-widget_type=\"heading.default\">\n\t\t\t\t<div class=\"elementor-widget-container\">\n\t\t\t\t\t<h2 class=\"elementor-heading-title elementor-size-default\">Obtenci\u00f3n de la ficha<\/h2>\t\t\t\t<\/div>\n\t\t\t\t<\/div>\n\t\t\t\t<div class=\"elementor-element elementor-element-c652a15 elementor-widget elementor-widget-text-editor\" data-id=\"c652a15\" data-element_type=\"widget\" data-e-type=\"widget\" data-widget_type=\"text-editor.default\">\n\t\t\t\t<div class=\"elementor-widget-container\">\n\t\t\t\t\t\t\t\t\t<div>Para la obtenci\u00f3n de la ficha debes considerar lo siguiente:<\/div><div>\u00a0<\/div><ol><li>Contar con todos los documentos.<\/li><li>Realizar el pago de ficha por $1,250.00 en el banco de preferencia los datos se encuentran en http:\/\/www.utselva.edu.mx<\/li><li>Escanear el comprobante de pago en PDF<\/li><li>Realizar el registro en l\u00ednea en: http:\/\/gecko.utselva.edu.mx\/Servicios\/RegAsp\/inicio.aspx<\/li><li>Env\u00eda todos escaneados a los correos:<ul><li>maestria.ensenanzadelasciencias@laselva.edu.mx<\/li><li>\u00a0escolaresmaestria.ensenanzadelasciencias@laselva.edu.mx<\/li><\/ul><\/li><\/ol><div>Fecha l\u00edmite de registro y obtenci\u00f3n de ficha hasta el 09 de agosto del 2024<\/div>\t\t\t\t\t\t\t\t<\/div>\n\t\t\t\t<\/div>\n\t\t\t\t<div class=\"elementor-element elementor-element-5f8edd0 elementor-widget elementor-widget-heading\" data-id=\"5f8edd0\" data-element_type=\"widget\" data-e-type=\"widget\" data-widget_type=\"heading.default\">\n\t\t\t\t<div class=\"elementor-widget-container\">\n\t\t\t\t\t<h2 class=\"elementor-heading-title elementor-size-default\">Proceso de admisi\u00f3n<\/h2>\t\t\t\t<\/div>\n\t\t\t\t<\/div>\n\t\t\t\t<div class=\"elementor-element elementor-element-3dd9fd4 elementor-widget elementor-widget-text-editor\" data-id=\"3dd9fd4\" data-element_type=\"widget\" data-e-type=\"widget\" data-widget_type=\"text-editor.default\">\n\t\t\t\t<div class=\"elementor-widget-container\">\n\t\t\t\t\t\t\t\t\t<p>El proceso de admisi\u00f3n se llevar\u00e1 de la siguiente manera:<\/p><ol><li><strong>Prueba de habilidades y conocimientos generales (Examen de admisi\u00f3n)<\/strong><\/li><li><strong>Entrevista con el n\u00facleo acad\u00e9mico B\u00e1sico<\/strong>\u00a0<\/li><\/ol><p>Las entrevistas se llevar\u00e1n a cabo el 12 y 15 del mes de agosto del 2024.<\/p>\t\t\t\t\t\t\t\t<\/div>\n\t\t\t\t<\/div>\n\t\t\t\t<\/div>\n\t\t<div class=\"elementor-element elementor-element-522574b e-con-full e-flex e-con e-child\" data-id=\"522574b\" data-element_type=\"container\" data-e-type=\"container\">\n\t\t\t\t<div class=\"elementor-element elementor-element-0a4a5ca elementor-widget elementor-widget-image\" data-id=\"0a4a5ca\" data-element_type=\"widget\" data-e-type=\"widget\" data-widget_type=\"image.default\">\n\t\t\t\t<div class=\"elementor-widget-container\">\n\t\t\t\t\t\t\t\t\t\t\t\t\t\t\t<img fetchpriority=\"high\" decoding=\"async\" width=\"791\" height=\"1024\" src=\"https:\/\/maestria.utselva.edu.mx\/wp-content\/uploads\/2024\/08\/maestria-2_page-0001-791x1024.jpg\" class=\"attachment-large size-large wp-image-2436\" alt=\"\" srcset=\"https:\/\/maestria.utselva.edu.mx\/wp-content\/uploads\/2024\/08\/maestria-2_page-0001-791x1024.jpg 791w, https:\/\/maestria.utselva.edu.mx\/wp-content\/uploads\/2024\/08\/maestria-2_page-0001-232x300.jpg 232w, https:\/\/maestria.utselva.edu.mx\/wp-content\/uploads\/2024\/08\/maestria-2_page-0001-768x994.jpg 768w, https:\/\/maestria.utselva.edu.mx\/wp-content\/uploads\/2024\/08\/maestria-2_page-0001-1187x1536.jpg 1187w, https:\/\/maestria.utselva.edu.mx\/wp-content\/uploads\/2024\/08\/maestria-2_page-0001-1583x2048.jpg 1583w, https:\/\/maestria.utselva.edu.mx\/wp-content\/uploads\/2024\/08\/maestria-2_page-0001-scaled.jpg 1978w\" sizes=\"(max-width: 791px) 100vw, 791px\" \/>\t\t\t\t\t\t\t\t\t\t\t\t\t\t\t<\/div>\n\t\t\t\t<\/div>\n\t\t\t\t<\/div>\n\t\t\t\t\t<\/div>\n\t\t\t\t<\/div>\n\t\t<div class=\"aux-parallax-section elementor-element elementor-element-a332254 e-flex e-con-boxed e-con e-parent\" data-id=\"a332254\" data-element_type=\"container\" data-e-type=\"container\">\n\t\t\t\t\t<div class=\"e-con-inner\">\n\t\t\t\t<div class=\"elementor-element elementor-element-ff5ad5f elementor-widget elementor-widget-spacer\" data-id=\"ff5ad5f\" data-element_type=\"widget\" data-e-type=\"widget\" data-widget_type=\"spacer.default\">\n\t\t\t\t<div class=\"elementor-widget-container\">\n\t\t\t\t\t\t\t<div class=\"elementor-spacer\">\n\t\t\t<div class=\"elementor-spacer-inner\"><\/div>\n\t\t<\/div>\n\t\t\t\t\t\t<\/div>\n\t\t\t\t<\/div>\n\t\t\t\t\t<\/div>\n\t\t\t\t<\/div>\n\t\t\t\t<\/div>\n\t\t","protected":false},"excerpt":{"rendered":"<p>Admisi\u00f3n Obtenci\u00f3n de la ficha Para la obtenci\u00f3n de la ficha debes considerar lo siguiente:\u00a0 Contar con todos los documentos. Realizar el pago de ficha por $1,250.00 en el banco de preferencia los datos se encuentran en http:\/\/www.utselva.edu.mx Escanear el comprobante de pago en PDF Realizar el registro en l\u00ednea en: http:\/\/gecko.utselva.edu.mx\/Servicios\/RegAsp\/inicio.aspx Env\u00eda todos escaneados [&hellip;]<\/p>\n","protected":false},"author":1,"featured_media":0,"parent":1994,"menu_order":2,"comment_status":"closed","ping_status":"closed","template":"","meta":{"footnotes":""},"class_list":["post-1998","page","type-page","status-publish","hentry"],"_links":{"self":[{"href":"https:\/\/maestria.utselva.edu.mx\/index.php\/wp-json\/wp\/v2\/pages\/1998","targetHints":{"allow":["GET"]}}],"collection":[{"href":"https:\/\/maestria.utselva.edu.mx\/index.php\/wp-json\/wp\/v2\/pages"}],"about":[{"href":"https:\/\/maestria.utselva.edu.mx\/index.php\/wp-json\/wp\/v2\/types\/page"}],"author":[{"embeddable":true,"href":"https:\/\/maestria.utselva.edu.mx\/index.php\/wp-json\/wp\/v2\/users\/1"}],"replies":[{"embeddable":true,"href":"https:\/\/maestria.utselva.edu.mx\/index.php\/wp-json\/wp\/v2\/comments?post=1998"}],"version-history":[{"count":34,"href":"https:\/\/maestria.utselva.edu.mx\/index.php\/wp-json\/wp\/v2\/pages\/1998\/revisions"}],"predecessor-version":[{"id":2451,"href":"https:\/\/maestria.utselva.edu.mx\/index.php\/wp-json\/wp\/v2\/pages\/1998\/revisions\/2451"}],"up":[{"embeddable":true,"href":"https:\/\/maestria.utselva.edu.mx\/index.php\/wp-json\/wp\/v2\/pages\/1994"}],"wp:attachment":[{"href":"https:\/\/maestria.utselva.edu.mx\/index.php\/wp-json\/wp\/v2\/media?parent=1998"}],"curies":[{"name":"wp","href":"https:\/\/api.w.org\/{rel}","templated":true}]}}